{"id":908,"date":"2024-03-08T18:53:58","date_gmt":"2024-03-08T18:53:58","guid":{"rendered":"https:\/\/cavitermweb.becomdemo5.com\/nachhaltigkeit\/"},"modified":"2024-06-25T14:42:20","modified_gmt":"2024-06-25T14:42:20","slug":"nachhaltigkeit","status":"publish","type":"page","link":"https:\/\/cavitermweb.becomdemo5.com\/de\/nachhaltigkeit\/","title":{"rendered":"Nachhaltigkeit"},"content":{"rendered":"\t\t<div data-elementor-type=\"wp-page\" data-elementor-id=\"908\" class=\"elementor elementor-908 elementor-23\" data-elementor-post-type=\"page\">\n\t\t\t\t\t\t<section class=\"elementor-section elementor-top-section elementor-element elementor-element-e0a010b elementor-section-height-min-height elementor-section-boxed elementor-section-height-default elementor-section-items-middle\" data-id=\"e0a010b\" data-element_type=\"section\" data-settings=\"{&quot;background_background&quot;:&quot;classic&quot;}\">\n\t\t\t\t\t\t<div class=\"elementor-container elementor-column-gap-default\">\n\t\t\t\t\t<div class=\"elementor-column elementor-col-100 elementor-top-column elementor-element elementor-element-6b153ac elementor-invisible\" data-id=\"6b153ac\" data-element_type=\"column\" data-settings=\"{&quot;animation&quot;:&quot;fadeIn&quot;}\">\n\t\t\t<div class=\"elementor-widget-wrap elementor-element-populated\">\n\t\t\t\t\t\t<div class=\"elementor-element elementor-element-06cb5d1 elementor-widget elementor-widget-spacer\" data-id=\"06cb5d1\" data-element_type=\"widget\" data-widget_type=\"spacer.default\">\n\t\t\t\t<div class=\"elementor-widget-container\">\n\t\t\t<style>\/*! elementor - v3.21.0 - 26-05-2024 *\/\n.elementor-column .elementor-spacer-inner{height:var(--spacer-size)}.e-con{--container-widget-width:100%}.e-con-inner>.elementor-widget-spacer,.e-con>.elementor-widget-spacer{width:var(--container-widget-width,var(--spacer-size));--align-self:var(--container-widget-align-self,initial);--flex-shrink:0}.e-con-inner>.elementor-widget-spacer>.elementor-widget-container,.e-con>.elementor-widget-spacer>.elementor-widget-container{height:100%;width:100%}.e-con-inner>.elementor-widget-spacer>.elementor-widget-container>.elementor-spacer,.e-con>.elementor-widget-spacer>.elementor-widget-container>.elementor-spacer{height:100%}.e-con-inner>.elementor-widget-spacer>.elementor-widget-container>.elementor-spacer>.elementor-spacer-inner,.e-con>.elementor-widget-spacer>.elementor-widget-container>.elementor-spacer>.elementor-spacer-inner{height:var(--container-widget-height,var(--spacer-size))}.e-con-inner>.elementor-widget-spacer.elementor-widget-empty,.e-con>.elementor-widget-spacer.elementor-widget-empty{position:relative;min-height:22px;min-width:22px}.e-con-inner>.elementor-widget-spacer.elementor-widget-empty .elementor-widget-empty-icon,.e-con>.elementor-widget-spacer.elementor-widget-empty .elementor-widget-empty-icon{position:absolute;top:0;bottom:0;left:0;right:0;margin:auto;padding:0;width:22px;height:22px}<\/style>\t\t<div class=\"elementor-spacer\">\n\t\t\t<div class=\"elementor-spacer-inner\"><\/div>\n\t\t<\/div>\n\t\t\t\t<\/div>\n\t\t\t\t<\/div>\n\t\t\t\t<div class=\"elementor-element elementor-element-841ba5d elementor-widget elementor-widget-heading\" data-id=\"841ba5d\" data-element_type=\"widget\" data-widget_type=\"heading.default\">\n\t\t\t\t<div class=\"elementor-widget-container\">\n\t\t\t<style>\/*! elementor - v3.21.0 - 26-05-2024 *\/\n.elementor-heading-title{padding:0;margin:0;line-height:1}.elementor-widget-heading .elementor-heading-title[class*=elementor-size-]>a{color:inherit;font-size:inherit;line-height:inherit}.elementor-widget-heading .elementor-heading-title.elementor-size-small{font-size:15px}.elementor-widget-heading .elementor-heading-title.elementor-size-medium{font-size:19px}.elementor-widget-heading .elementor-heading-title.elementor-size-large{font-size:29px}.elementor-widget-heading .elementor-heading-title.elementor-size-xl{font-size:39px}.elementor-widget-heading .elementor-heading-title.elementor-size-xxl{font-size:59px}<\/style><h2 class=\"elementor-heading-title elementor-size-default\">Nachhaltigkeit<\/h2>\t\t<\/div>\n\t\t\t\t<\/div>\n\t\t\t\t<div class=\"elementor-element elementor-element-3874ab7 elementor-widget elementor-widget-text-editor\" data-id=\"3874ab7\" data-element_type=\"widget\" data-widget_type=\"text-editor.default\">\n\t\t\t\t<div class=\"elementor-widget-container\">\n\t\t\t<style>\/*! elementor - v3.21.0 - 26-05-2024 *\/\n.elementor-widget-text-editor.elementor-drop-cap-view-stacked .elementor-drop-cap{background-color:#69727d;color:#fff}.elementor-widget-text-editor.elementor-drop-cap-view-framed .elementor-drop-cap{color:#69727d;border:3px solid;background-color:transparent}.elementor-widget-text-editor:not(.elementor-drop-cap-view-default) .elementor-drop-cap{margin-top:8px}.elementor-widget-text-editor:not(.elementor-drop-cap-view-default) .elementor-drop-cap-letter{width:1em;height:1em}.elementor-widget-text-editor .elementor-drop-cap{float:left;text-align:center;line-height:1;font-size:50px}.elementor-widget-text-editor .elementor-drop-cap-letter{display:inline-block}<\/style>\t\t\t\t<p>Alle unsere Ma\u00dfnahmen f\u00fcr einen umweltfreundlichen Produktionsprozess.<\/p>\n\t\t\t\t\t\t<\/div>\n\t\t\t\t<\/div>\n\t\t\t\t\t<\/div>\n\t\t<\/div>\n\t\t\t\t\t<\/div>\n\t\t<\/section>\n\t\t\t\t<section class=\"elementor-section elementor-top-section elementor-element elementor-element-3307ef3 elementor-section-boxed elementor-section-height-default elementor-section-height-default\" data-id=\"3307ef3\" data-element_type=\"section\" data-settings=\"{&quot;background_background&quot;:&quot;classic&quot;}\">\n\t\t\t\t\t\t<div class=\"elementor-container elementor-column-gap-default\">\n\t\t\t\t\t<div class=\"elementor-column elementor-col-100 elementor-top-column elementor-element elementor-element-cdfa75d elementor-invisible\" data-id=\"cdfa75d\" data-element_type=\"column\" data-settings=\"{&quot;animation&quot;:&quot;fadeIn&quot;}\">\n\t\t\t<div class=\"elementor-widget-wrap elementor-element-populated\">\n\t\t\t\t\t\t<section class=\"elementor-section elementor-inner-section elementor-element elementor-element-a268fab elementor-section-boxed elementor-section-height-default elementor-section-height-default\" data-id=\"a268fab\" data-element_type=\"section\">\n\t\t\t\t\t\t<div class=\"elementor-container elementor-column-gap-default\">\n\t\t\t\t\t<div class=\"elementor-column elementor-col-50 elementor-inner-column elementor-element elementor-element-81a8b1d\" data-id=\"81a8b1d\" data-element_type=\"column\">\n\t\t\t<div class=\"elementor-widget-wrap elementor-element-populated\">\n\t\t\t\t\t\t<div class=\"elementor-element elementor-element-eedc339 elementor-widget elementor-widget-heading\" data-id=\"eedc339\" data-element_type=\"widget\" data-widget_type=\"heading.default\">\n\t\t\t\t<div class=\"elementor-widget-container\">\n\t\t\t<h2 class=\"elementor-heading-title elementor-size-default\">Photovoltaikanlagen<\/h2>\t\t<\/div>\n\t\t\t\t<\/div>\n\t\t\t\t\t<\/div>\n\t\t<\/div>\n\t\t\t\t<div class=\"elementor-column elementor-col-50 elementor-inner-column elementor-element elementor-element-75eb223\" data-id=\"75eb223\" data-element_type=\"column\">\n\t\t\t<div class=\"elementor-widget-wrap\">\n\t\t\t\t\t\t\t<\/div>\n\t\t<\/div>\n\t\t\t\t\t<\/div>\n\t\t<\/section>\n\t\t\t\t<section class=\"elementor-section elementor-inner-section elementor-element elementor-element-f036ccd elementor-section-boxed elementor-section-height-default elementor-section-height-default\" data-id=\"f036ccd\" data-element_type=\"section\">\n\t\t\t\t\t\t<div class=\"elementor-container elementor-column-gap-default\">\n\t\t\t\t\t<div class=\"elementor-column elementor-col-50 elementor-inner-column elementor-element elementor-element-ea1dfed\" data-id=\"ea1dfed\" data-element_type=\"column\">\n\t\t\t<div class=\"elementor-widget-wrap elementor-element-populated\">\n\t\t\t\t\t\t<div class=\"elementor-element elementor-element-bf280b4 elementor-widget__width-initial elementor-widget-mobile__width-inherit elementor-widget elementor-widget-text-editor\" data-id=\"bf280b4\" data-element_type=\"widget\" data-widget_type=\"text-editor.default\">\n\t\t\t\t<div class=\"elementor-widget-container\">\n\t\t\t\t\t\t\t<p><span style=\"font-weight: 400;\">Seit 2015 konzentrieren wir uns auf <\/span><b>Investitionen, die die Verwendung erneuerbarer Energien und die Senkung der CO<\/b><b>2<\/b><b>-Emissionen zum Ziel haben<\/b><span style=\"font-weight: 400;\">.<\/span><\/p><p><span style=\"font-weight: 400;\">Die bedeutendste Ma\u00dfnahme war die Installation einer Photovoltaikanlage, um die Fabrik vollst\u00e4ndig zu decken. Im Lauf der Jahre haben wir unsere Erzeugungskapazit\u00e4t weiter ausgebaut, indem wir auch an den Fassaden vertikale Paneele installiert haben.<\/span><\/p>\t\t\t\t\t\t<\/div>\n\t\t\t\t<\/div>\n\t\t\t\t\t<\/div>\n\t\t<\/div>\n\t\t\t\t<div class=\"elementor-column elementor-col-50 elementor-inner-column elementor-element elementor-element-24d2f0e\" data-id=\"24d2f0e\" data-element_type=\"column\">\n\t\t\t<div class=\"elementor-widget-wrap elementor-element-populated\">\n\t\t\t\t\t\t<div class=\"elementor-element elementor-element-d819248 elementor-widget__width-initial elementor-widget-mobile__width-inherit elementor-widget elementor-widget-text-editor\" data-id=\"d819248\" data-element_type=\"widget\" data-widget_type=\"text-editor.default\">\n\t\t\t\t<div class=\"elementor-widget-container\">\n\t\t\t\t\t\t\t<p><span style=\"font-weight: 400;\">Unsere <\/span><b>Leistung, die am Anfang 170 kWp betrug, hat 2023 insgesamt 321,18 kWp erreicht<\/b><span style=\"font-weight: 400;\">. Seit 2015 haben diese Anlagen eine bemerkenswerte Energieerzeugung erzielt, und zwar <\/span><b>\u00fcber 300.000 kWh pro Jahr<\/b><span style=\"font-weight: 400;\">.<\/span><\/p>\t\t\t\t\t\t<\/div>\n\t\t\t\t<\/div>\n\t\t\t\t\t<\/div>\n\t\t<\/div>\n\t\t\t\t\t<\/div>\n\t\t<\/section>\n\t\t\t\t\t<\/div>\n\t\t<\/div>\n\t\t\t\t\t<\/div>\n\t\t<\/section>\n\t\t\t\t<section class=\"elementor-section elementor-top-section elementor-element elementor-element-5c764fe elementor-section-boxed elementor-section-height-default elementor-section-height-default\" data-id=\"5c764fe\" data-element_type=\"section\" data-settings=\"{&quot;background_background&quot;:&quot;classic&quot;}\">\n\t\t\t\t\t\t<div class=\"elementor-container elementor-column-gap-default\">\n\t\t\t\t\t<div class=\"elementor-column elementor-col-100 elementor-top-column elementor-element elementor-element-e525e0e\" data-id=\"e525e0e\" data-element_type=\"column\">\n\t\t\t<div class=\"elementor-widget-wrap elementor-element-populated\">\n\t\t\t\t\t\t<section class=\"elementor-section elementor-inner-section elementor-element elementor-element-c3bac11 elementor-section-boxed elementor-section-height-default elementor-section-height-default elementor-invisible\" data-id=\"c3bac11\" data-element_type=\"section\" data-settings=\"{&quot;background_background&quot;:&quot;classic&quot;,&quot;animation&quot;:&quot;fadeIn&quot;}\">\n\t\t\t\t\t\t<div class=\"elementor-container elementor-column-gap-default\">\n\t\t\t\t\t<div class=\"elementor-column elementor-col-100 elementor-inner-column elementor-element elementor-element-4ac70c6\" data-id=\"4ac70c6\" data-element_type=\"column\">\n\t\t\t<div class=\"elementor-widget-wrap elementor-element-populated\">\n\t\t\t\t\t\t<div class=\"elementor-element elementor-element-14c3983 elementor-widget elementor-widget-spacer\" data-id=\"14c3983\" data-element_type=\"widget\" data-widget_type=\"spacer.default\">\n\t\t\t\t<div class=\"elementor-widget-container\">\n\t\t\t\t\t<div class=\"elementor-spacer\">\n\t\t\t<div class=\"elementor-spacer-inner\"><\/div>\n\t\t<\/div>\n\t\t\t\t<\/div>\n\t\t\t\t<\/div>\n\t\t\t\t\t<\/div>\n\t\t<\/div>\n\t\t\t\t\t<\/div>\n\t\t<\/section>\n\t\t\t\t\t<\/div>\n\t\t<\/div>\n\t\t\t\t\t<\/div>\n\t\t<\/section>\n\t\t\t\t<section class=\"elementor-section elementor-top-section elementor-element elementor-element-dd9be7c elementor-section-boxed elementor-section-height-default elementor-section-height-default\" data-id=\"dd9be7c\" data-element_type=\"section\" data-settings=\"{&quot;background_background&quot;:&quot;classic&quot;}\">\n\t\t\t\t\t\t<div class=\"elementor-container elementor-column-gap-default\">\n\t\t\t\t\t<div class=\"elementor-column elementor-col-50 elementor-top-column elementor-element elementor-element-539d85e elementor-invisible\" data-id=\"539d85e\" data-element_type=\"column\" data-settings=\"{&quot;animation&quot;:&quot;fadeIn&quot;}\">\n\t\t\t<div class=\"elementor-widget-wrap elementor-element-populated\">\n\t\t\t\t\t\t<div class=\"elementor-element elementor-element-e54640d elementor-widget elementor-widget-image\" data-id=\"e54640d\" data-element_type=\"widget\" data-widget_type=\"image.default\">\n\t\t\t\t<div class=\"elementor-widget-container\">\n\t\t\t<style>\/*! elementor - v3.21.0 - 26-05-2024 *\/\n.elementor-widget-image{text-align:center}.elementor-widget-image a{display:inline-block}.elementor-widget-image a img[src$=\".svg\"]{width:48px}.elementor-widget-image img{vertical-align:middle;display:inline-block}<\/style>\t\t\t\t\t\t\t\t\t\t<img fetchpriority=\"high\" decoding=\"async\" width=\"800\" height=\"534\" src=\"https:\/\/cavitermweb.becomdemo5.com\/wp-content\/uploads\/2024\/06\/caviterm-2-1024x683.jpg\" class=\"attachment-large size-large wp-image-2759\" alt=\"\" srcset=\"https:\/\/cavitermweb.becomdemo5.com\/wp-content\/uploads\/2024\/06\/caviterm-2-1024x683.jpg 1024w, https:\/\/cavitermweb.becomdemo5.com\/wp-content\/uploads\/2024\/06\/caviterm-2-300x200.jpg 300w, https:\/\/cavitermweb.becomdemo5.com\/wp-content\/uploads\/2024\/06\/caviterm-2-768x512.jpg 768w, https:\/\/cavitermweb.becomdemo5.com\/wp-content\/uploads\/2024\/06\/caviterm-2-1536x1024.jpg 1536w, https:\/\/cavitermweb.becomdemo5.com\/wp-content\/uploads\/2024\/06\/caviterm-2-600x400.jpg 600w, https:\/\/cavitermweb.becomdemo5.com\/wp-content\/uploads\/2024\/06\/caviterm-2.jpg 1920w\" sizes=\"(max-width: 800px) 100vw, 800px\" \/>\t\t\t\t\t\t\t\t\t\t\t\t\t<\/div>\n\t\t\t\t<\/div>\n\t\t\t\t\t<\/div>\n\t\t<\/div>\n\t\t\t\t<div class=\"elementor-column elementor-col-50 elementor-top-column elementor-element elementor-element-668513a elementor-invisible\" data-id=\"668513a\" data-element_type=\"column\" data-settings=\"{&quot;animation&quot;:&quot;fadeIn&quot;}\">\n\t\t\t<div class=\"elementor-widget-wrap elementor-element-populated\">\n\t\t\t\t\t\t<div class=\"elementor-element elementor-element-1a451cc elementor-widget elementor-widget-heading\" data-id=\"1a451cc\" data-element_type=\"widget\" data-widget_type=\"heading.default\">\n\t\t\t\t<div class=\"elementor-widget-container\">\n\t\t\t<h2 class=\"elementor-heading-title elementor-size-default\">Mikro-KWK-Anlagen<\/h2>\t\t<\/div>\n\t\t\t\t<\/div>\n\t\t\t\t<div class=\"elementor-element elementor-element-27936be elementor-widget__width-initial elementor-widget-mobile__width-inherit elementor-widget elementor-widget-text-editor\" data-id=\"27936be\" data-element_type=\"widget\" data-widget_type=\"text-editor.default\">\n\t\t\t\t<div class=\"elementor-widget-container\">\n\t\t\t\t\t\t\t<p><span style=\"font-weight: 400;\">Dar\u00fcber hinaus hat unser Unternehmen in die <\/span><b>hocheffiziente Kraft-W\u00e4rme-Kopplung<\/b><span style=\"font-weight: 400;\"> investiert.<\/span> <span style=\"font-weight: 400;\">Wir haben zwei 19,49 kWp starke <\/span><b>Mikrogeneratoren<\/b><span style=\"font-weight: 400;\"> erworben, die <\/span><b>durch das vom Netz versorgte Gas Strom erzeugen<\/b><span style=\"font-weight: 400;\">, um die Produktionsanlagen anzutreiben.<\/span><\/p><p><span style=\"font-weight: 400;\">Im Winter wird die von den KWK-Anlagen erzeugte W\u00e4rme zur<\/span><b> Heizung der R\u00e4ume <\/b><span style=\"font-weight: 400;\">vom Standort verwendet, w\u00e4hrend sie im Sommer zur <\/span><b>Klimatisierung benutzt wird<\/b><span style=\"font-weight: 400;\"> und dadurch zur K\u00fchlung der Arbeitsr\u00e4ume beitr\u00e4gt.<\/span><\/p><p><span style=\"font-weight: 400;\">Dank dieser Ma\u00dfnahmen <\/span><b>haben wir die CO<\/b><b>2<\/b><b>-Emissionen verringert und jedes Jahr die von der italienischen Energieb\u00f6rse erkannten wei\u00dfen Zertifikate bekommen<\/b><span style=\"font-weight: 400;\">.<\/span><\/p>\t\t\t\t\t\t<\/div>\n\t\t\t\t<\/div>\n\t\t\t\t\t<\/div>\n\t\t<\/div>\n\t\t\t\t\t<\/div>\n\t\t<\/section>\n\t\t\t\t<section class=\"elementor-section elementor-top-section elementor-element elementor-element-5978b6a elementor-section-full_width elementor-hidden-desktop elementor-hidden-tablet elementor-hidden-mobile elementor-section-height-default elementor-section-height-default\" data-id=\"5978b6a\" data-element_type=\"section\" data-settings=\"{&quot;background_background&quot;:&quot;classic&quot;}\">\n\t\t\t\t\t\t<div class=\"elementor-container elementor-column-gap-no\">\n\t\t\t\t\t<div class=\"elementor-column elementor-col-100 elementor-top-column elementor-element elementor-element-8c35a65 elementor-invisible\" data-id=\"8c35a65\" data-element_type=\"column\" data-settings=\"{&quot;animation&quot;:&quot;fadeIn&quot;}\">\n\t\t\t<div class=\"elementor-widget-wrap elementor-element-populated\">\n\t\t\t\t\t\t<div class=\"elementor-element elementor-element-b09afac elementor-widget elementor-widget-qi_addons_for_elementor_text_marquee\" data-id=\"b09afac\" data-element_type=\"widget\" data-widget_type=\"qi_addons_for_elementor_text_marquee.default\">\n\t\t\t\t<div class=\"elementor-widget-container\">\n\t\t\t<div class=\"qodef-shortcode qodef-m  qodef-qi-text-marquee qodef-layout--default \">\n\t<div class=\"qodef-m-content\">\n\t\t<div class=\"qodef-m-text qodef-text--original\">\n\t\t\t\t\t\t\t<span class=\"qodef-m-text-item elementor-repeater-item-aa0560d\" >M\u00f6chten Sie mehr \u00fcber unsere Kabel erfahren?<\/span>\n                \t\t\t\t\t\t\t<span class=\"qodef-m-text-item elementor-repeater-item-817d2c2\" >M\u00f6chten Sie mehr \u00fcber unsere Kabel erfahren?<\/span>\n                \t\t\t\t\t<\/div>\n\t\t<div class=\"qodef-m-text qodef-text--copy\">\n\t\t\t\t\t\t\t<span class=\"qodef-m-text-item elementor-repeater-item-aa0560d\" >M\u00f6chten Sie mehr \u00fcber unsere Kabel erfahren?<\/span>\n                \t\t\t\t\t\t\t<span class=\"qodef-m-text-item elementor-repeater-item-817d2c2\" >M\u00f6chten Sie mehr \u00fcber unsere Kabel erfahren?<\/span>\n                \t\t\t\t\t<\/div>\n\t<\/div>\n<\/div>\n\t\t<\/div>\n\t\t\t\t<\/div>\n\t\t\t\t\t<\/div>\n\t\t<\/div>\n\t\t\t\t\t<\/div>\n\t\t<\/section>\n\t\t\t\t<\/div>\n\t\t","protected":false},"excerpt":{"rendered":"<p>Nachhaltigkeit Alle unsere Ma\u00dfnahmen f\u00fcr einen umweltfreundlichen Produktionsprozess. Photovoltaikanlagen Seit 2015 konzentrieren wir uns auf Investitionen, die die Verwendung erneuerbarer Energien und die Senkung der CO2-Emissionen zum Ziel haben. Die bedeutendste Ma\u00dfnahme war die Installation einer Photovoltaikanlage, um die Fabrik vollst\u00e4ndig zu decken. Im Lauf der Jahre haben wir unsere Erzeugungskapazit\u00e4t weiter ausgebaut, indem wir [&hellip;]<\/p>\n","protected":false},"author":1,"featured_media":0,"parent":0,"menu_order":0,"comment_status":"closed","ping_status":"closed","template":"","meta":{"_acf_changed":false,"footnotes":""},"class_list":["post-908","page","type-page","status-publish","hentry"],"acf":[],"yoast_head":"<!-- This site is optimized with the Yoast SEO plugin v22.8 - https:\/\/yoast.com\/wordpress\/plugins\/seo\/ -->\n<title>Nachhaltigkeit | Caviterm<\/title>\n<meta name=\"description\" content=\"Alle unsere Ma\u00dfnahmen f\u00fcr einen umweltfreundlichen Produktionsprozess.\" \/>\n<meta name=\"robots\" content=\"index, follow, max-snippet:-1, max-image-preview:large, max-video-preview:-1\" \/>\n<link rel=\"canonical\" href=\"https:\/\/cavitermweb.becomdemo5.com\/de\/nachhaltigkeit\/\" \/>\n<meta property=\"og:locale\" content=\"de_DE\" \/>\n<meta property=\"og:type\" content=\"article\" \/>\n<meta property=\"og:title\" content=\"Nachhaltigkeit | Caviterm\" \/>\n<meta property=\"og:description\" content=\"Alle unsere Ma\u00dfnahmen f\u00fcr einen umweltfreundlichen Produktionsprozess.\" \/>\n<meta property=\"og:url\" content=\"https:\/\/cavitermweb.becomdemo5.com\/de\/nachhaltigkeit\/\" \/>\n<meta property=\"og:site_name\" content=\"Caviterm\" \/>\n<meta property=\"article:modified_time\" content=\"2024-06-25T14:42:20+00:00\" \/>\n<meta property=\"og:image\" content=\"https:\/\/cavitermweb.becomdemo5.com\/wp-content\/uploads\/2024\/06\/caviterm-2-1024x683.jpg\" \/>\n<meta name=\"twitter:card\" content=\"summary_large_image\" \/>\n<meta name=\"twitter:label1\" content=\"Gesch\u00e4tzte Lesezeit\" \/>\n\t<meta name=\"twitter:data1\" content=\"2\u00a0Minuten\" \/>\n<script type=\"application\/ld+json\" class=\"yoast-schema-graph\">{\"@context\":\"https:\/\/schema.org\",\"@graph\":[{\"@type\":\"WebPage\",\"@id\":\"https:\/\/cavitermweb.becomdemo5.com\/de\/nachhaltigkeit\/\",\"url\":\"https:\/\/cavitermweb.becomdemo5.com\/de\/nachhaltigkeit\/\",\"name\":\"Nachhaltigkeit | Caviterm\",\"isPartOf\":{\"@id\":\"https:\/\/cavitermweb.becomdemo5.com\/de\/#website\"},\"primaryImageOfPage\":{\"@id\":\"https:\/\/cavitermweb.becomdemo5.com\/de\/nachhaltigkeit\/#primaryimage\"},\"image\":{\"@id\":\"https:\/\/cavitermweb.becomdemo5.com\/de\/nachhaltigkeit\/#primaryimage\"},\"thumbnailUrl\":\"https:\/\/cavitermweb.becomdemo5.com\/wp-content\/uploads\/2024\/06\/caviterm-2-1024x683.jpg\",\"datePublished\":\"2024-03-08T18:53:58+00:00\",\"dateModified\":\"2024-06-25T14:42:20+00:00\",\"description\":\"Alle unsere Ma\u00dfnahmen f\u00fcr einen umweltfreundlichen Produktionsprozess.\",\"breadcrumb\":{\"@id\":\"https:\/\/cavitermweb.becomdemo5.com\/de\/nachhaltigkeit\/#breadcrumb\"},\"inLanguage\":\"de\",\"potentialAction\":[{\"@type\":\"ReadAction\",\"target\":[\"https:\/\/cavitermweb.becomdemo5.com\/de\/nachhaltigkeit\/\"]}]},{\"@type\":\"ImageObject\",\"inLanguage\":\"de\",\"@id\":\"https:\/\/cavitermweb.becomdemo5.com\/de\/nachhaltigkeit\/#primaryimage\",\"url\":\"https:\/\/cavitermweb.becomdemo5.com\/wp-content\/uploads\/2024\/06\/caviterm-2-1024x683.jpg\",\"contentUrl\":\"https:\/\/cavitermweb.becomdemo5.com\/wp-content\/uploads\/2024\/06\/caviterm-2-1024x683.jpg\"},{\"@type\":\"BreadcrumbList\",\"@id\":\"https:\/\/cavitermweb.becomdemo5.com\/de\/nachhaltigkeit\/#breadcrumb\",\"itemListElement\":[{\"@type\":\"ListItem\",\"position\":1,\"name\":\"Home\",\"item\":\"https:\/\/cavitermweb.becomdemo5.com\/de\/\"},{\"@type\":\"ListItem\",\"position\":2,\"name\":\"Nachhaltigkeit\"}]},{\"@type\":\"WebSite\",\"@id\":\"https:\/\/cavitermweb.becomdemo5.com\/de\/#website\",\"url\":\"https:\/\/cavitermweb.becomdemo5.com\/de\/\",\"name\":\"Caviterm\",\"description\":\"\",\"potentialAction\":[{\"@type\":\"SearchAction\",\"target\":{\"@type\":\"EntryPoint\",\"urlTemplate\":\"https:\/\/cavitermweb.becomdemo5.com\/de\/?s={search_term_string}\"},\"query-input\":\"required name=search_term_string\"}],\"inLanguage\":\"de\"}]}<\/script>\n<!-- \/ Yoast SEO plugin. -->","yoast_head_json":{"title":"Nachhaltigkeit | Caviterm","description":"Alle unsere Ma\u00dfnahmen f\u00fcr einen umweltfreundlichen Produktionsprozess.","robots":{"index":"index","follow":"follow","max-snippet":"max-snippet:-1","max-image-preview":"max-image-preview:large","max-video-preview":"max-video-preview:-1"},"canonical":"https:\/\/cavitermweb.becomdemo5.com\/de\/nachhaltigkeit\/","og_locale":"de_DE","og_type":"article","og_title":"Nachhaltigkeit | Caviterm","og_description":"Alle unsere Ma\u00dfnahmen f\u00fcr einen umweltfreundlichen Produktionsprozess.","og_url":"https:\/\/cavitermweb.becomdemo5.com\/de\/nachhaltigkeit\/","og_site_name":"Caviterm","article_modified_time":"2024-06-25T14:42:20+00:00","og_image":[{"url":"https:\/\/cavitermweb.becomdemo5.com\/wp-content\/uploads\/2024\/06\/caviterm-2-1024x683.jpg"}],"twitter_card":"summary_large_image","twitter_misc":{"Gesch\u00e4tzte Lesezeit":"2\u00a0Minuten"},"schema":{"@context":"https:\/\/schema.org","@graph":[{"@type":"WebPage","@id":"https:\/\/cavitermweb.becomdemo5.com\/de\/nachhaltigkeit\/","url":"https:\/\/cavitermweb.becomdemo5.com\/de\/nachhaltigkeit\/","name":"Nachhaltigkeit | Caviterm","isPartOf":{"@id":"https:\/\/cavitermweb.becomdemo5.com\/de\/#website"},"primaryImageOfPage":{"@id":"https:\/\/cavitermweb.becomdemo5.com\/de\/nachhaltigkeit\/#primaryimage"},"image":{"@id":"https:\/\/cavitermweb.becomdemo5.com\/de\/nachhaltigkeit\/#primaryimage"},"thumbnailUrl":"https:\/\/cavitermweb.becomdemo5.com\/wp-content\/uploads\/2024\/06\/caviterm-2-1024x683.jpg","datePublished":"2024-03-08T18:53:58+00:00","dateModified":"2024-06-25T14:42:20+00:00","description":"Alle unsere Ma\u00dfnahmen f\u00fcr einen umweltfreundlichen Produktionsprozess.","breadcrumb":{"@id":"https:\/\/cavitermweb.becomdemo5.com\/de\/nachhaltigkeit\/#breadcrumb"},"inLanguage":"de","potentialAction":[{"@type":"ReadAction","target":["https:\/\/cavitermweb.becomdemo5.com\/de\/nachhaltigkeit\/"]}]},{"@type":"ImageObject","inLanguage":"de","@id":"https:\/\/cavitermweb.becomdemo5.com\/de\/nachhaltigkeit\/#primaryimage","url":"https:\/\/cavitermweb.becomdemo5.com\/wp-content\/uploads\/2024\/06\/caviterm-2-1024x683.jpg","contentUrl":"https:\/\/cavitermweb.becomdemo5.com\/wp-content\/uploads\/2024\/06\/caviterm-2-1024x683.jpg"},{"@type":"BreadcrumbList","@id":"https:\/\/cavitermweb.becomdemo5.com\/de\/nachhaltigkeit\/#breadcrumb","itemListElement":[{"@type":"ListItem","position":1,"name":"Home","item":"https:\/\/cavitermweb.becomdemo5.com\/de\/"},{"@type":"ListItem","position":2,"name":"Nachhaltigkeit"}]},{"@type":"WebSite","@id":"https:\/\/cavitermweb.becomdemo5.com\/de\/#website","url":"https:\/\/cavitermweb.becomdemo5.com\/de\/","name":"Caviterm","description":"","potentialAction":[{"@type":"SearchAction","target":{"@type":"EntryPoint","urlTemplate":"https:\/\/cavitermweb.becomdemo5.com\/de\/?s={search_term_string}"},"query-input":"required name=search_term_string"}],"inLanguage":"de"}]}},"_links":{"self":[{"href":"https:\/\/cavitermweb.becomdemo5.com\/de\/wp-json\/wp\/v2\/pages\/908","targetHints":{"allow":["GET"]}}],"collection":[{"href":"https:\/\/cavitermweb.becomdemo5.com\/de\/wp-json\/wp\/v2\/pages"}],"about":[{"href":"https:\/\/cavitermweb.becomdemo5.com\/de\/wp-json\/wp\/v2\/types\/page"}],"author":[{"embeddable":true,"href":"https:\/\/cavitermweb.becomdemo5.com\/de\/wp-json\/wp\/v2\/users\/1"}],"replies":[{"embeddable":true,"href":"https:\/\/cavitermweb.becomdemo5.com\/de\/wp-json\/wp\/v2\/comments?post=908"}],"version-history":[{"count":22,"href":"https:\/\/cavitermweb.becomdemo5.com\/de\/wp-json\/wp\/v2\/pages\/908\/revisions"}],"predecessor-version":[{"id":3852,"href":"https:\/\/cavitermweb.becomdemo5.com\/de\/wp-json\/wp\/v2\/pages\/908\/revisions\/3852"}],"wp:attachment":[{"href":"https:\/\/cavitermweb.becomdemo5.com\/de\/wp-json\/wp\/v2\/media?parent=908"}],"curies":[{"name":"wp","href":"https:\/\/api.w.org\/{rel}","templated":true}]}}